{"id":1877,"date":"2020-02-06T10:16:52","date_gmt":"2020-02-06T09:16:52","guid":{"rendered":"https:\/\/cife-fuenlabrada.es\/Catalogo\/?page_id=1877"},"modified":"2021-04-07T09:27:41","modified_gmt":"2021-04-07T07:27:41","slug":"venta-reparacion-de-equipos-informaticos","status":"publish","type":"page","link":"https:\/\/cife.ayto-fuenlabrada.es\/Catalogo\/venta-reparacion-de-equipos-informaticos\/","title":{"rendered":"VENTA Y REPARACI\u00d3N DE EQUIPOS INFORM\u00c1TICOS Y DE COMUNICACI\u00d3N"},"content":{"rendered":"<p>[et_pb_section bb_built=\u00bb1&#8243; fullwidth=\u00bboff\u00bb specialty=\u00bboff\u00bb][et_pb_row][et_pb_column type=\u00bb4_4&#8243;][et_pb_text admin_label=\u00bbVENTA Y REPARACI\u00d3N DE EQUIPOS INFORM\u00c1TICOS Y DE COMUNICACI\u00d3N\u00bb _builder_version=\u00bb3.0.71&#8243; background_layout=\u00bblight\u00bb text_orientation=\u00bbleft\u00bb border_style=\u00bbsolid\u00bb]<\/p>\n<h3 style=\"text-align: center;\">VENTA Y REPARACI\u00d3N DE EQUIPOS INFORM\u00c1TICOS Y DE COMUNICACI\u00d3N<\/h3>\n<p>[\/et_pb_text][\/et_pb_column][\/et_pb_row][\/et_pb_section]<\/p>\n","protected":false},"excerpt":{"rendered":"<p>[et_pb_section bb_built=\u00bb1&#8243; fullwidth=\u00bboff\u00bb specialty=\u00bboff\u00bb][et_pb_row][et_pb_column type=\u00bb4_4&#8243;][et_pb_text admin_label=\u00bbVENTA Y REPARACI\u00d3N DE EQUIPOS INFORM\u00c1TICOS Y DE COMUNICACI\u00d3N\u00bb _builder_version=\u00bb3.0.71&#8243; background_layout=\u00bblight\u00bb text_orientation=\u00bbleft\u00bb border_style=\u00bbsolid\u00bb] VENTA Y REPARACI\u00d3N DE EQUIPOS INFORM\u00c1TICOS Y DE COMUNICACI\u00d3N [\/et_pb_text][\/et_pb_column][\/et_pb_row][\/et_pb_section]<\/p>\n","protected":false},"author":8,"featured_media":0,"parent":0,"menu_order":0,"comment_status":"closed","ping_status":"closed","template":"","meta":{"footnotes":""},"class_list":["post-1877","page","type-page","status-publish","hentry"],"_links":{"self":[{"href":"https:\/\/cife.ayto-fuenlabrada.es\/Catalogo\/wp-json\/wp\/v2\/pages\/1877","targetHints":{"allow":["GET"]}}],"collection":[{"href":"https:\/\/cife.ayto-fuenlabrada.es\/Catalogo\/wp-json\/wp\/v2\/pages"}],"about":[{"href":"https:\/\/cife.ayto-fuenlabrada.es\/Catalogo\/wp-json\/wp\/v2\/types\/page"}],"author":[{"embeddable":true,"href":"https:\/\/cife.ayto-fuenlabrada.es\/Catalogo\/wp-json\/wp\/v2\/users\/8"}],"replies":[{"embeddable":true,"href":"https:\/\/cife.ayto-fuenlabrada.es\/Catalogo\/wp-json\/wp\/v2\/comments?post=1877"}],"version-history":[{"count":0,"href":"https:\/\/cife.ayto-fuenlabrada.es\/Catalogo\/wp-json\/wp\/v2\/pages\/1877\/revisions"}],"wp:attachment":[{"href":"https:\/\/cife.ayto-fuenlabrada.es\/Catalogo\/wp-json\/wp\/v2\/media?parent=1877"}],"curies":[{"name":"wp","href":"https:\/\/api.w.org\/{rel}","templated":true}]}}